{"id":13654,"date":"2023-08-06T13:29:34","date_gmt":"2023-08-06T13:29:34","guid":{"rendered":"https:\/\/thewritershelp.com\/?page_id=13654"},"modified":"2023-08-12T12:50:10","modified_gmt":"2023-08-12T12:50:10","slug":"serviciile-noastre","status":"publish","type":"page","link":"https:\/\/writers.wpdeveloper.pk\/index.php\/ro\/serviciile-noastre\/","title":{"rendered":"Serviciile noastre"},"content":{"rendered":"\t\t<div data-elementor-type=\"wp-page\" data-elementor-id=\"13654\" class=\"elementor elementor-13654\" data-elementor-post-type=\"page\">\n\t\t\t\t\t\t<section data-dce-background-color=\"#F81D8F\" class=\"elementor-section elementor-top-section elementor-element elementor-element-9ced859 elementor-section-full_width elementor-section-height-default elementor-section-height-default\" data-id=\"9ced859\" data-element_type=\"section\" data-settings=\"{&quot;background_background&quot;:&quot;classic&quot;,&quot;shape_divider_bottom&quot;:&quot;tilt&quot;}\">\n\t\t\t\t\t\t\t<div class=\"elementor-background-overlay\"><\/div>\n\t\t\t\t\t\t<div class=\"elementor-shape elementor-shape-bottom\" aria-hidden=\"true\" data-negative=\"false\">\n\t\t\t<svg xmlns=\"http:\/\/www.w3.org\/2000\/svg\" viewBox=\"0 0 1000 100\" preserveAspectRatio=\"none\">\n\t<path class=\"elementor-shape-fill\" d=\"M0,6V0h1000v100L0,6z\"\/>\n<\/svg>\t\t<\/div>\n\t\t\t\t\t<div class=\"elementor-container elementor-column-gap-no\">\n\t\t\t\t\t<div class=\"elementor-column elementor-col-100 elementor-top-column elementor-element elementor-element-87e3bb0\" data-id=\"87e3bb0\" data-element_type=\"column\">\n\t\t\t<div class=\"elementor-widget-wrap elementor-element-populated\">\n\t\t\t\t\t\t<section class=\"elementor-section elementor-inner-section elementor-element elementor-element-bb6fe1e elementor-section-boxed elementor-section-height-default elementor-section-height-default\" data-id=\"bb6fe1e\" data-element_type=\"section\" data-settings=\"{&quot;background_background&quot;:&quot;classic&quot;}\">\n\t\t\t\t\t\t<div class=\"elementor-container elementor-column-gap-default\">\n\t\t\t\t\t<div class=\"elementor-column elementor-col-50 elementor-inner-column elementor-element elementor-element-39d9745 hide-on-click\" data-id=\"39d9745\" data-element_type=\"column\" data-settings=\"{&quot;background_background&quot;:&quot;classic&quot;}\">\n\t\t\t<div class=\"elementor-widget-wrap elementor-element-populated\">\n\t\t\t\t\t\t<div class=\"elementor-element elementor-element-0bbfced elementor-invisible elementor-widget elementor-widget-heading\" data-id=\"0bbfced\" data-element_type=\"widget\" data-settings=\"{&quot;_animation&quot;:&quot;fadeInLeft&quot;}\" data-widget_type=\"heading.default\">\n\t\t\t\t<div class=\"elementor-widget-container\">\n\t\t\t\t\t<h2 class=\"elementor-heading-title elementor-size-default\">Serviciile Noastre<\/h2>\t\t\t\t<\/div>\n\t\t\t\t<\/div>\n\t\t\t\t<div class=\"elementor-element elementor-element-6e39a45 no-mrg services subtitle elementor-invisible elementor-widget elementor-widget-text-editor\" data-id=\"6e39a45\" data-element_type=\"widget\" data-settings=\"{&quot;_animation&quot;:&quot;fadeIn&quot;,&quot;_animation_delay&quot;:400}\" data-widget_type=\"text-editor.default\">\n\t\t\t\t<div class=\"elementor-widget-container\">\n\t\t\t\t\t\t\t\t\t<ul><li><span style=\"font-weight: 400;\">The Writers ofer\u0103 servicii de scriere profesional\u0103 de lucr\u0103ri academice pentru studen\u021bi. Proiectele realizate de echipa noastr\u0103 sunt personalizate dup\u0103 cerin\u021bele tale specifice, indiferent de domeniul t\u0103u de studiu. <\/span><\/li><li><span style=\"font-weight: 400;\">Fiecare dintre scriitorii no\u0219tri sunt exper\u021bi \u00een domeniile lor respective, asigur\u00e2ndu-se c\u0103 toate lucr\u0103rile sunt autentice \u0219i de cea mai \u00eenalt\u0103 calitate.<\/span><\/li><li><p><span style=\"font-weight: 400;\">The Writers abordeaz\u0103 fiecare proiect \u00eentr-un mod unic \u0219i garant\u0103m confiden\u021bialitate 100%. Oferim pre\u021buri accesibile, mai multe revizuiri f\u0103r\u0103 costuri suplimentare, \u0219i multe, multe altele. <\/span><\/p><\/li><li><p><span style=\"font-weight: 400;\">Pentru a citi mai am\u0103nun\u021bit despre serviciile noastre, f\u0103 click pe partea dreapt\u0103 de jos a coper\u021bii \u0219i r\u0103sfoie\u0219te cartea.<\/span><\/p><\/li><\/ul>\t\t\t\t\t\t\t\t<\/div>\n\t\t\t\t<\/div>\n\t\t\t\t<div class=\"elementor-element elementor-element-66ad646 elementor-align-center elementor-widget elementor-widget-button\" data-id=\"66ad646\" data-element_type=\"widget\" data-settings=\"{&quot;_animation&quot;:&quot;none&quot;}\" data-widget_type=\"button.default\">\n\t\t\t\t<div class=\"elementor-widget-container\">\n\t\t\t\t\t\t\t\t\t<div class=\"elementor-button-wrapper\">\n\t\t\t\t\t<a class=\"elementor-button elementor-button-link elementor-size-md\" href=\"https:\/\/writers.myserverpk.plus\/index.php\/ro\/formular-de-comanda\/\">\n\t\t\t\t\t\t<span class=\"elementor-button-content-wrapper\">\n\t\t\t\t\t\t\t\t\t<span class=\"elementor-button-text\">COMAND\u0102 ACUM<\/span>\n\t\t\t\t\t<\/span>\n\t\t\t\t\t<\/a>\n\t\t\t\t<\/div>\n\t\t\t\t\t\t\t\t<\/div>\n\t\t\t\t<\/div>\n\t\t\t\t\t<\/div>\n\t\t<\/div>\n\t\t\t\t<div class=\"elementor-column elementor-col-50 elementor-inner-column elementor-element elementor-element-243f8ed full-on-click\" data-id=\"243f8ed\" data-element_type=\"column\">\n\t\t\t<div class=\"elementor-widget-wrap elementor-element-populated\">\n\t\t\t\t\t\t<div class=\"elementor-element elementor-element-30c82bd no-mrg services subtitle elementor-invisible elementor-widget elementor-widget-text-editor\" data-id=\"30c82bd\" data-element_type=\"widget\" data-settings=\"{&quot;_animation&quot;:&quot;fadeIn&quot;,&quot;_animation_delay&quot;:400}\" data-widget_type=\"text-editor.default\">\n\t\t\t\t<div class=\"elementor-widget-container\">\n\t\t\t\t\t\t\t\t\t<h5><span style=\"font-weight: 400;\">Deschide cartea \u0219i cite\u0219te mai multe detalii despre serviciile noastre.<\/span><\/h5>\t\t\t\t\t\t\t\t<\/div>\n\t\t\t\t<\/div>\n\t\t\t\t<div class=\"elementor-element elementor-element-19ad693 title hide elementor-invisible elementor-widget elementor-widget-heading\" data-id=\"19ad693\" data-element_type=\"widget\" data-settings=\"{&quot;_animation&quot;:&quot;fadeInLeft&quot;}\" data-widget_type=\"heading.default\">\n\t\t\t\t<div class=\"elementor-widget-container\">\n\t\t\t\t\t<h2 class=\"elementor-heading-title elementor-size-default\">our services<\/h2>\t\t\t\t<\/div>\n\t\t\t\t<\/div>\n\t\t\t\t<div class=\"elementor-element elementor-element-2a7e7ea elementor-absolute flip-page-info elementor-align-center elementor-widget elementor-widget-lottie\" data-id=\"2a7e7ea\" data-element_type=\"widget\" data-settings=\"{&quot;source_json&quot;:{&quot;url&quot;:&quot;https:\\\/\\\/writers.myserverpk.plus\\\/wp-content\\\/uploads\\\/2023\\\/07\\\/animation_lkcq2dcn.json&quot;,&quot;id&quot;:12800,&quot;size&quot;:&quot;&quot;,&quot;alt&quot;:&quot;&quot;,&quot;source&quot;:&quot;library&quot;},&quot;_position&quot;:&quot;absolute&quot;,&quot;source&quot;:&quot;media_file&quot;,&quot;caption_source&quot;:&quot;none&quot;,&quot;link_to&quot;:&quot;none&quot;,&quot;trigger&quot;:&quot;arriving_to_viewport&quot;,&quot;viewport&quot;:{&quot;unit&quot;:&quot;%&quot;,&quot;size&quot;:&quot;&quot;,&quot;sizes&quot;:{&quot;start&quot;:0,&quot;end&quot;:100}},&quot;play_speed&quot;:{&quot;unit&quot;:&quot;px&quot;,&quot;size&quot;:1,&quot;sizes&quot;:[]},&quot;start_point&quot;:{&quot;unit&quot;:&quot;%&quot;,&quot;size&quot;:0,&quot;sizes&quot;:[]},&quot;end_point&quot;:{&quot;unit&quot;:&quot;%&quot;,&quot;size&quot;:100,&quot;sizes&quot;:[]},&quot;renderer&quot;:&quot;svg&quot;}\" data-widget_type=\"lottie.default\">\n\t\t\t\t<div class=\"elementor-widget-container\">\n\t\t\t\t\t<div class=\"e-lottie__container\"><div class=\"e-lottie__animation\"><\/div><\/div>\t\t\t\t<\/div>\n\t\t\t\t<\/div>\n\t\t\t\t<div class=\"elementor-element elementor-element-96a0676 flipbook-wrapper elementor-widget elementor-widget-html\" data-id=\"96a0676\" data-element_type=\"widget\" data-widget_type=\"html.default\">\n\t\t\t\t<div class=\"elementor-widget-container\">\n\t\t\t\t\t\r\n\r\n<div class=\"container services-flipbook\" id=\"flipbook\">\r\n  <div class=\"hint\">* Click the book to open it!<\/div>\r\n  <div class=\"mobile\">\r\n    <div class=\"content\">\r\n      <div class=\"book\">\r\n    \r\n        <div class=\"pages\">\r\n        <div class=\"page\">\r\n            <div class=\"pages-content\">\r\n              <div class=\"content-inner\">\r\n               <img decoding=\"async\" src=\"\/wp-content\/uploads\/2021\/08\/the-writers-logo-2023-png-1.png\" width=\"250\" \/>\r\n              <\/div>\r\n             \r\n            <\/div>\r\n          <\/div>\r\n          <div class=\"page\">\r\n            <div class=\"pages-content\">\r\n              <div class=\"content-inner\">\r\n                <div class=\"title\">Cuprins<\/div>\r\n                <div class=\"text summary\">\r\n                   <ul>\r\n                       <li>Scriere profesional\u0103 \u0219i rapid\u0103<\/li>\r\n                       <li>Scriitori cu experien\u021b\u0103<\/li>\r\n                       <li>Teme pentru toate subiectele<\/li>\r\n                       <li>H\u00e2rtii complet autentice<\/li>\r\n                       <li>Livrare la timp<\/li>\r\n                       <li>100% confiden\u021bialitate<\/li>\r\n                       <li>Abordare personalizat\u0103 \u0219i adaptat\u0103<\/li>\r\n                       <li>Asisten\u021b\u0103 24\/7<\/li>\r\n                       <li>Pre\u021buri accesibile<\/li>\r\n                       <li>Modific\u0103ri multiple f\u0103r\u0103 costuri suplimentare<\/li>\r\n                       <li>Oferte grozave<\/li>\r\n                       <li>Colabora\u021bi cu noi<\/li>\r\n                   <\/ul>\r\n                <\/div>\r\n                \r\n              <\/div>\r\n             \r\n            <\/div>\r\n          <\/div>\r\n          <div class=\"page\">\r\n            <div class=\"pages-content\">\r\n              <div class=\"content-inner\">\r\n                <div class=\"title\">Scriere profesional\u0103 \u0219i rapid\u0103<\/div>\r\n                <div class=\"text\">\r\n                    <p>\r\n                      Oferim sarcini academice de \u00eenalt\u0103 calitate care acoper\u0103 fiecare domeniu major de studiu. Datorit\u0103 scriitorilor no\u0219tri exper\u021bi, nu pierdem niciodat\u0103 un termen limit\u0103, a\u0219a c\u0103 pute\u021bi fi siguri c\u0103 lucrarea dvs. este livrat\u0103 \u00een timp record, bine scris\u0103, bine cercetat\u0103 \u0219i citat\u0103 corespunz\u0103tor.\r\n\r\n                    <\/p>\r\n                <\/div>\r\n                \r\n              <\/div>\r\n              <div class=\"page-number\">- 1 -<\/div>\r\n            <\/div>\r\n          <\/div>\r\n          <div class=\"page\">\r\n            <div class=\"pages-content\">\r\n              <div class=\"content-inner\">\r\n               <div class=\"title\">Scriitori cu experien\u021b\u0103<\/div>\r\n                <div class=\"text\">\r\n                    <p>\r\n                 Echipa noastr\u0103 este format\u0103 din scriitori academicieni exper\u021bi, profesori \u0219i cercet\u0103tori. Avem ani de experien\u021b\u0103 \u00een ceea ce facem, a\u0219a c\u0103 \u0219tim exact ce casete s\u0103 bifam \u00een fiecare lucrare la care lucr\u0103m. Scriitorii no\u0219tri sunt pricepu\u021bi s\u0103 efectueze cercet\u0103ri, s\u0103 analizeze date \u0219i s\u0103 prezinte concluziile \u00eentr-o manier\u0103 clar\u0103 \u0219i concis\u0103.\r\n                    <\/p>\r\n                <\/div>\r\n              <\/div>\r\n              <div class=\"page-number\">- 2 -<\/div>\r\n            <\/div>\r\n          <\/div>\r\n          <div class=\"page\">\r\n            <div class=\"pages-content\">\r\n              <div class=\"content-inner\">\r\n               <div class=\"title\">Teme pentru toate subiectele<\/div>\r\n                <div class=\"text\">\r\n                    <p>\r\n                     Suntem specializa\u021bi \u00een scrierea temelor pe orice subiect academic dat. Echipa noastr\u0103 de scriitori are experien\u021b\u0103 \u00eentr-o gam\u0103 larg\u0103 de subiecte, inclusiv afaceri, marketing, management, finan\u021be \u0219i multe altele.\r\n                    <\/p>\r\n                <\/div>\r\n              <\/div>\r\n              <div class=\"page-number\">- 3 -<\/div>\r\n            <\/div>\r\n          <\/div>\r\n          <div class=\"page\">\r\n            <div class=\"pages-content\">\r\n              <div class=\"content-inner\">\r\n                <div class=\"title\">Lucr\u0103ri complet autentice<\/div>\r\n                <div class=\"text\">\r\n                    <p>\r\n                    V\u0103 garant\u0103m c\u0103 toate misiunile sunt complet autentice \u0219i f\u0103r\u0103 plagiat. Scriitorii no\u0219tri efectueaz\u0103 cercet\u0103ri ample \u0219i \u00ee\u0219i folosesc experien\u021ba pentru a oferi con\u021binut original \u0219i unic pentru fiecare proiect. De asemenea, folosim software de detectare a plagiatului pentru a ne asigura c\u0103 fiecare lucrare pe care o livr\u0103m este 100% original\u0103.\r\n\r\n                    <\/p>\r\n                <\/div>\r\n                <div class=\"page-number\">- 4 -<\/div>\r\n              <\/div>\r\n            <\/div>\r\n          <\/div>\r\n         \r\n          <div class=\"page\">\r\n            <div class=\"pages-content\">\r\n              <div class=\"content-inner\">\r\n                <div class=\"title\">Predare la timp<\/div>\r\n                <div class=\"text\">\r\n                    <p>\r\n                     \u00cen\u021belegem c\u0103 termenele limit\u0103 sunt cruciale. Scriitorii no\u0219tri lucreaz\u0103 neobosit pentru a livra lucr\u0103ri de \u00eenalt\u0103 calitate \u00een intervalul de timp specificat, asigur\u00e2ndu-v\u0103 c\u0103 ve\u021bi primi \u00eentotdeauna sarcinile la timp.\r\n                    <\/p>\r\n                <\/div>\r\n                <div class=\"page-number\">- 5 -<\/div>\r\n              <\/div>\r\n            <\/div>\r\n          <\/div>\r\n          <div class=\"page\">\r\n            <div class=\"pages-content\">\r\n              <div class=\"content-inner\">\r\n                <div class=\"title\">100% confiden\u021bialitate<\/div>\r\n                <div class=\"text\">\r\n                    <p>\r\n                   La The Writers, garant\u0103m 100% confiden\u021bialitate. \u00cen\u021belegem importan\u021ba confiden\u021bialit\u0103\u021bii \u0219i lu\u0103m toate m\u0103surile de precau\u021bie pentru a ne asigura c\u0103 informa\u021biile dvs. personale \u0219i academice sunt p\u0103strate \u00een siguran\u021b\u0103.                    <\/p>\r\n                <\/div>\r\n                <div class=\"page-number\">- 6 -<\/div>\r\n              <\/div>\r\n            <\/div>\r\n          <\/div>\r\n          <div class=\"page\">\r\n            <div class=\"pages-content\">\r\n              <div class=\"content-inner\">\r\n                <div class=\"title\">Abordare personalizat\u0103 \u0219i adaptat\u0103<\/div>\r\n                <div class=\"text\">\r\n                    <p>\r\n                   Abordarea noastr\u0103 personalizat\u0103 asigur\u0103 c\u0103 fiecare sarcin\u0103 este adaptat\u0103 cerin\u021belor dumneavoastr\u0103 exacte \u0219i este de cea mai \u00eenalt\u0103 calitate posibil\u0103. Lucr\u0103m \u00eendeaproape cu dvs. pentru a v\u0103 \u00een\u021belege nevoile specifice \u0219i pentru a v\u0103 oferi solu\u021bii personalizate pentru a v\u0103 \u00eendeplini obiectivele academice.\r\n                    <\/p>\r\n                <\/div>\r\n                <div class=\"page-number\">- 7 -<\/div>\r\n              <\/div>\r\n            <\/div>\r\n          <\/div>\r\n          <div class=\"page\">\r\n            <div class=\"pages-content\">\r\n              <div class=\"content-inner\">\r\n                <div class=\"title\">Asisten\u021b\u0103 24\/7<\/div>\r\n                <div class=\"text\">\r\n                    <p>\r\n                 Echipa noastr\u0103 de asisten\u021b\u0103 pentru clien\u021bi este disponibil\u0103 24\/7 pentru a r\u0103spunde la orice \u00eentreb\u0103ri sau nel\u0103muriri pe care le ave\u021bi. Oferim suport personalizat pe parcursul \u00eentregului proces de scriere, asigur\u00e2ndu-v\u0103 c\u0103 ave\u021bi o experien\u021b\u0103 f\u0103r\u0103 stres.\r\n                    <\/p>\r\n                <\/div>\r\n                <div class=\"page-number\">- 8 -<\/div>\r\n              <\/div>\r\n            <\/div>\r\n          <\/div>\r\n        <div class=\"page\">\r\n            <div class=\"pages-content\">\r\n              <div class=\"content-inner\">\r\n                <div class=\"title\">Pre\u021buri accesibile<\/div>\r\n                <div class=\"text\">\r\n                    <p>\r\n                \u00cen\u021belegem c\u0103 accesibilitatea este o preocupare cheie pentru mul\u021bi studen\u021bi. De aceea oferim pre\u021buri competitive \u0219i accesibile pentru serviciile noastre de scris. Pre\u021burile noastre sunt transparente \u0219i nu percepem niciodat\u0103 taxe ascunse. Pentru mai multe informa\u021bii, nu ezita\u021bi s\u0103 ne contacta\u021bi prin telefon sau e-mail.\r\n\r\n                    <\/p>\r\n                <\/div>\r\n                <div class=\"page-number\">- 9 -<\/div>\r\n              <\/div>\r\n            <\/div>\r\n          <\/div>\r\n        <div class=\"page\">\r\n            <div class=\"pages-content\">\r\n              <div class=\"content-inner\">\r\n                <div class=\"title\">Multiple edit\u0103ri f\u0103r\u0103 costuri suplimentare<\/div>\r\n                <div class=\"text\">\r\n                    <p>\r\n              Oferim mai multe edit\u0103ri f\u0103r\u0103 costuri suplimentare p\u00e2n\u0103 c\u00e2nd sunte\u021bi complet mul\u021bumit de sarcina dvs. \u0218tim c\u0103 revizuirile sunt o parte esen\u021bial\u0103 a procesului de scriere, de aceea dorim s\u0103 fii pe deplin mul\u021bumit de versiunea final\u0103.\r\n                    <\/p>\r\n                <\/div>\r\n                <div class=\"page-number\">- 10 -<\/div>\r\n              <\/div>\r\n            <\/div>\r\n          <\/div>\r\n          <div class=\"page\">\r\n            <div class=\"pages-content\">\r\n              <div class=\"content-inner\">\r\n                <div class=\"title\">Oferte grozave<\/div>\r\n                <div class=\"text\">\r\n                    <p>\r\n               Oferim reduceri de sezon \u0219i promo\u021bii. Fii cu ochii pe site-ul nostru \u0219i pe pagina noastr\u0103 de Facebook pentru oferte \u0219i oferte speciale.\r\n                    <\/p>\r\n                <\/div>\r\n                <div class=\"page-number\">- 11 -<\/div>\r\n              <\/div>\r\n            <\/div>\r\n          <\/div>\r\n        <div class=\"page\">\r\n            <div class=\"pages-content\">\r\n              <div class=\"content-inner\">\r\n                <div class=\"title\">Colabora\u021bi cu noi<\/div>\r\n                <div class=\"text\">\r\n                    <p>\r\n               Suntem mereu deschi\u0219i pentru noi colabor\u0103ri. Al\u0103tura\u021bi-v\u0103 echipei The Writers ca afiliat sau agent \u0219i lucra\u021bi cu noi pentru a c\u00e2\u0219tiga recompense. Vezi to\u021bi pa\u0219ii aici.\r\n                    <\/p>\r\n                <\/div>\r\n                <div class=\"page-number\">- 12 -<\/div>\r\n              <\/div>\r\n            <\/div>\r\n          <\/div>\r\n        <\/div>\r\n      <\/div>\r\n    <\/div>\r\n  <\/div>\r\n<\/div>\r\n\t\t\t\t<\/div>\n\t\t\t\t<\/div>\n\t\t\t\t\t<\/div>\n\t\t<\/div>\n\t\t\t\t\t<\/div>\n\t\t<\/section>\n\t\t\t\t\t<\/div>\n\t\t<\/div>\n\t\t\t\t\t<\/div>\n\t\t<\/section>\n\t\t\t\t<\/div>\n\t\t","protected":false},"excerpt":{"rendered":"<p>Serviciile Noastre The Writers ofer\u0103 servicii de scriere profesional\u0103 de lucr\u0103ri academice pentru studen\u021bi. Proiectele realizate de echipa noastr\u0103 sunt personalizate dup\u0103 cerin\u021bele tale specifice, indiferent de domeniul t\u0103u de studiu. Fiecare dintre scriitorii no\u0219tri sunt exper\u021bi \u00een domeniile lor respective, asigur\u00e2ndu-se c\u0103 toate lucr\u0103rile sunt autentice \u0219i de cea mai \u00eenalt\u0103 calitate. The Writers [&hellip;]<\/p>\n","protected":false},"author":1,"featured_media":0,"parent":0,"menu_order":0,"comment_status":"closed","ping_status":"closed","template":"elementor_header_footer","meta":{"footnotes":""},"class_list":["post-13654","page","type-page","status-publish","hentry"],"_links":{"self":[{"href":"https:\/\/writers.wpdeveloper.pk\/index.php\/wp-json\/wp\/v2\/pages\/13654","targetHints":{"allow":["GET"]}}],"collection":[{"href":"https:\/\/writers.wpdeveloper.pk\/index.php\/wp-json\/wp\/v2\/pages"}],"about":[{"href":"https:\/\/writers.wpdeveloper.pk\/index.php\/wp-json\/wp\/v2\/types\/page"}],"author":[{"embeddable":true,"href":"https:\/\/writers.wpdeveloper.pk\/index.php\/wp-json\/wp\/v2\/users\/1"}],"replies":[{"embeddable":true,"href":"https:\/\/writers.wpdeveloper.pk\/index.php\/wp-json\/wp\/v2\/comments?post=13654"}],"version-history":[{"count":5,"href":"https:\/\/writers.wpdeveloper.pk\/index.php\/wp-json\/wp\/v2\/pages\/13654\/revisions"}],"predecessor-version":[{"id":13908,"href":"https:\/\/writers.wpdeveloper.pk\/index.php\/wp-json\/wp\/v2\/pages\/13654\/revisions\/13908"}],"wp:attachment":[{"href":"https:\/\/writers.wpdeveloper.pk\/index.php\/wp-json\/wp\/v2\/media?parent=13654"}],"curies":[{"name":"wp","href":"https:\/\/api.w.org\/{rel}","templated":true}]}}