{"id":13662,"date":"2023-08-06T13:39:48","date_gmt":"2023-08-06T13:39:48","guid":{"rendered":"https:\/\/thewritershelp.com\/?page_id=13662"},"modified":"2025-08-25T11:27:37","modified_gmt":"2025-08-25T11:27:37","slug":"oferte-pentru-studenti","status":"publish","type":"page","link":"https:\/\/writers.wpdeveloper.pk\/index.php\/ro\/oferte-pentru-studenti\/","title":{"rendered":"Oferte pentru Studen\u021bi"},"content":{"rendered":"\t\t<div data-elementor-type=\"wp-page\" data-elementor-id=\"13662\" class=\"elementor elementor-13662\" data-elementor-post-type=\"page\">\n\t\t\t\t\t\t<section data-dce-background-color=\"#F81D8F\" class=\"elementor-section elementor-top-section elementor-element elementor-element-00f547d elementor-section-full_width elementor-section-height-default elementor-section-height-default\" data-id=\"00f547d\" data-element_type=\"section\" data-settings=\"{&quot;background_background&quot;:&quot;classic&quot;,&quot;shape_divider_bottom&quot;:&quot;tilt&quot;}\">\n\t\t\t\t\t<div class=\"elementor-shape elementor-shape-bottom\" aria-hidden=\"true\" data-negative=\"false\">\n\t\t\t<svg xmlns=\"http:\/\/www.w3.org\/2000\/svg\" viewBox=\"0 0 1000 100\" preserveAspectRatio=\"none\">\n\t<path class=\"elementor-shape-fill\" d=\"M0,6V0h1000v100L0,6z\"\/>\n<\/svg>\t\t<\/div>\n\t\t\t\t\t<div class=\"elementor-container elementor-column-gap-no\">\n\t\t\t\t\t<div class=\"elementor-column elementor-col-100 elementor-top-column elementor-element elementor-element-a219bd3\" data-id=\"a219bd3\" data-element_type=\"column\">\n\t\t\t<div class=\"elementor-widget-wrap elementor-element-populated\">\n\t\t\t\t\t\t<section class=\"elementor-section elementor-inner-section elementor-element elementor-element-50adbac elementor-section-boxed elementor-section-height-default elementor-section-height-default\" data-id=\"50adbac\" data-element_type=\"section\">\n\t\t\t\t\t\t<div class=\"elementor-container elementor-column-gap-default\">\n\t\t\t\t\t<div class=\"elementor-column elementor-col-100 elementor-inner-column elementor-element elementor-element-1583ada\" data-id=\"1583ada\" data-element_type=\"column\">\n\t\t\t<div class=\"elementor-widget-wrap elementor-element-populated\">\n\t\t\t\t\t\t<div class=\"elementor-element elementor-element-5c031c8 elementor-widget elementor-widget-html\" data-id=\"5c031c8\" data-element_type=\"widget\" data-widget_type=\"html.default\">\n\t\t\t\t<div class=\"elementor-widget-container\">\n\t\t\t\t\t   <script src=\"https:\/\/cdn.jsdelivr.net\/npm\/swiper@9\/swiper-bundle.min.js\"><\/script>\r\n  <div class=\"css-typing-title-students-ro\"><\/div>\t\t\t\t<\/div>\n\t\t\t\t<\/div>\n\t\t\t\t\t<\/div>\n\t\t<\/div>\n\t\t\t\t\t<\/div>\n\t\t<\/section>\n\t\t\t\t<section class=\"elementor-section elementor-inner-section elementor-element elementor-element-40ebb46 elementor-section-boxed elementor-section-height-default elementor-section-height-default\" data-id=\"40ebb46\" data-element_type=\"section\">\n\t\t\t\t\t\t<div class=\"elementor-container elementor-column-gap-default\">\n\t\t\t\t\t<div class=\"elementor-column elementor-col-100 elementor-inner-column elementor-element elementor-element-915195a\" data-id=\"915195a\" data-element_type=\"column\">\n\t\t\t<div class=\"elementor-widget-wrap elementor-element-populated\">\n\t\t\t\t\t\t<div class=\"elementor-element elementor-element-9b93c61 no-mrg elementor-widget elementor-widget-heading\" data-id=\"9b93c61\" data-element_type=\"widget\" data-widget_type=\"heading.default\">\n\t\t\t\t<div class=\"elementor-widget-container\">\n\t\t\t\t\t<h2 class=\"elementor-heading-title elementor-size-default\">Aboneaz\u0103-te la newsletter<\/h2>\t\t\t\t<\/div>\n\t\t\t\t<\/div>\n\t\t\t\t\t<\/div>\n\t\t<\/div>\n\t\t\t\t\t<\/div>\n\t\t<\/section>\n\t\t\t\t<section class=\"elementor-section elementor-inner-section elementor-element elementor-element-3e5eaf3 elementor-section-full_width students-offer-wrap elementor-section-height-default elementor-section-height-default\" data-id=\"3e5eaf3\" data-element_type=\"section\">\n\t\t\t\t\t\t<div class=\"elementor-container elementor-column-gap-default\">\n\t\t\t\t\t<div class=\"elementor-column elementor-col-20 elementor-inner-column elementor-element elementor-element-ab4e5b1\" data-id=\"ab4e5b1\" data-element_type=\"column\">\n\t\t\t<div class=\"elementor-widget-wrap\">\n\t\t\t\t\t\t\t<\/div>\n\t\t<\/div>\n\t\t\t\t<div class=\"elementor-column elementor-col-20 elementor-inner-column elementor-element elementor-element-6ef4925 students-offer-col\" data-id=\"6ef4925\" data-element_type=\"column\">\n\t\t\t<div class=\"elementor-widget-wrap elementor-element-populated\">\n\t\t\t\t\t\t<div class=\"elementor-element elementor-element-afc56a1 paper-fold-wrap elementor-widget elementor-widget-html\" data-id=\"afc56a1\" data-element_type=\"widget\" data-widget_type=\"html.default\">\n\t\t\t\t<div class=\"elementor-widget-container\">\n\t\t\t\t\t<p class=\"paper fold\"><\/p>\t\t\t\t<\/div>\n\t\t\t\t<\/div>\n\t\t\t\t<div class=\"elementor-element elementor-element-27ad5bc elementor-widget elementor-widget-image\" data-id=\"27ad5bc\" data-element_type=\"widget\" data-widget_type=\"image.default\">\n\t\t\t\t<div class=\"elementor-widget-container\">\n\t\t\t\t\t\t\t\t\t\t\t\t\t\t\t<img fetchpriority=\"high\" decoding=\"async\" width=\"1805\" height=\"1277\" src=\"https:\/\/writers.wpdeveloper.pk\/wp-content\/uploads\/2025\/08\/Banner-first-order-Student-offers-RO.png\" class=\"attachment-full size-full wp-image-16279\" alt=\"\" srcset=\"https:\/\/writers.wpdeveloper.pk\/wp-content\/uploads\/2025\/08\/Banner-first-order-Student-offers-RO.png 1805w, https:\/\/writers.wpdeveloper.pk\/wp-content\/uploads\/2025\/08\/Banner-first-order-Student-offers-RO-300x212.png 300w, https:\/\/writers.wpdeveloper.pk\/wp-content\/uploads\/2025\/08\/Banner-first-order-Student-offers-RO-1024x724.png 1024w, https:\/\/writers.wpdeveloper.pk\/wp-content\/uploads\/2025\/08\/Banner-first-order-Student-offers-RO-768x543.png 768w, https:\/\/writers.wpdeveloper.pk\/wp-content\/uploads\/2025\/08\/Banner-first-order-Student-offers-RO-1536x1087.png 1536w, https:\/\/writers.wpdeveloper.pk\/wp-content\/uploads\/2025\/08\/Banner-first-order-Student-offers-RO-600x424.png 600w\" sizes=\"(max-width: 1805px) 100vw, 1805px\" \/>\t\t\t\t\t\t\t\t\t\t\t\t\t\t\t<\/div>\n\t\t\t\t<\/div>\n\t\t\t\t<div class=\"elementor-element elementor-element-0abad90 animated-fast no-mrg elementor-widget elementor-widget-heading\" data-id=\"0abad90\" data-element_type=\"widget\" data-settings=\"{&quot;_animation&quot;:&quot;none&quot;}\" data-widget_type=\"heading.default\">\n\t\t\t\t<div class=\"elementor-widget-container\">\n\t\t\t\t\t<h2 class=\"elementor-heading-title elementor-size-default\">Prima comand\u0103!<\/h2>\t\t\t\t<\/div>\n\t\t\t\t<\/div>\n\t\t\t\t<div class=\"elementor-element elementor-element-4b0f30c elementor-invisible elementor-widget elementor-widget-text-editor\" data-id=\"4b0f30c\" data-element_type=\"widget\" data-settings=\"{&quot;_animation&quot;:&quot;fadeIn&quot;,&quot;_animation_delay&quot;:300}\" data-widget_type=\"text-editor.default\">\n\t\t\t\t<div class=\"elementor-widget-container\">\n\t\t\t\t\t\t\t\t\t<p>Nou aici?<br \/>Ai deja 20% reducere din start!<\/p>\t\t\t\t\t\t\t\t<\/div>\n\t\t\t\t<\/div>\n\t\t\t\t<div class=\"elementor-element elementor-element-cffc671 elementor-invisible elementor-widget elementor-widget-text-editor\" data-id=\"cffc671\" data-element_type=\"widget\" data-settings=\"{&quot;_animation&quot;:&quot;fadeIn&quot;,&quot;_animation_delay&quot;:300}\" data-widget_type=\"text-editor.default\">\n\t\t\t\t<div class=\"elementor-widget-container\">\n\t\t\t\t\t\t\t\t\t<p>Comand\u0103 1, 2 sau 3 proiecte simultan \u0219i beneficiezi de 20% reducere la prima ta comand\u0103!<\/p><p>Gr\u0103be\u0219te-te!<br \/>Sun\u0103-ne la <a href=\"tel: 0742 807 9989\">0742 807 9989 <\/a>sau completeaz\u0103 formularul nostru!<\/p>\t\t\t\t\t\t\t\t<\/div>\n\t\t\t\t<\/div>\n\t\t\t\t<div class=\"elementor-element elementor-element-2add755 order-now-btn elementor-align-center elementor-widget elementor-widget-button\" data-id=\"2add755\" data-element_type=\"widget\" data-widget_type=\"button.default\">\n\t\t\t\t<div class=\"elementor-widget-container\">\n\t\t\t\t\t\t\t\t\t<div class=\"elementor-button-wrapper\">\n\t\t\t\t\t<a class=\"elementor-button elementor-button-link elementor-size-md\" href=\"https:\/\/writers.myserverpk.plus\/index.php\/ro\/formular-de-comanda\/\">\n\t\t\t\t\t\t<span class=\"elementor-button-content-wrapper\">\n\t\t\t\t\t\t\t\t\t<span class=\"elementor-button-text\">VREAU OFERTA!<\/span>\n\t\t\t\t\t<\/span>\n\t\t\t\t\t<\/a>\n\t\t\t\t<\/div>\n\t\t\t\t\t\t\t\t<\/div>\n\t\t\t\t<\/div>\n\t\t\t\t\t<\/div>\n\t\t<\/div>\n\t\t\t\t<div class=\"elementor-column elementor-col-20 elementor-inner-column elementor-element elementor-element-ad9efb2 students-offer-col\" data-id=\"ad9efb2\" data-element_type=\"column\">\n\t\t\t<div class=\"elementor-widget-wrap elementor-element-populated\">\n\t\t\t\t\t\t<div class=\"elementor-element elementor-element-1e73362 paper-fold-wrap elementor-widget elementor-widget-html\" data-id=\"1e73362\" data-element_type=\"widget\" data-widget_type=\"html.default\">\n\t\t\t\t<div class=\"elementor-widget-container\">\n\t\t\t\t\t<p class=\"paper fold\"><\/p>\t\t\t\t<\/div>\n\t\t\t\t<\/div>\n\t\t\t\t<div class=\"elementor-element elementor-element-682491b elementor-widget elementor-widget-image\" data-id=\"682491b\" data-element_type=\"widget\" data-widget_type=\"image.default\">\n\t\t\t\t<div class=\"elementor-widget-container\">\n\t\t\t\t\t\t\t\t\t\t\t\t\t\t\t<img decoding=\"async\" width=\"2560\" height=\"1707\" src=\"https:\/\/writers.wpdeveloper.pk\/wp-content\/uploads\/2024\/10\/Oferta-31-RO-scaled.jpg\" class=\"attachment-full size-full wp-image-15727\" alt=\"\" srcset=\"https:\/\/writers.wpdeveloper.pk\/wp-content\/uploads\/2024\/10\/Oferta-31-RO-scaled.jpg 2560w, https:\/\/writers.wpdeveloper.pk\/wp-content\/uploads\/2024\/10\/Oferta-31-RO-300x200.jpg 300w, https:\/\/writers.wpdeveloper.pk\/wp-content\/uploads\/2024\/10\/Oferta-31-RO-1024x683.jpg 1024w, https:\/\/writers.wpdeveloper.pk\/wp-content\/uploads\/2024\/10\/Oferta-31-RO-768x512.jpg 768w, https:\/\/writers.wpdeveloper.pk\/wp-content\/uploads\/2024\/10\/Oferta-31-RO-1536x1024.jpg 1536w, https:\/\/writers.wpdeveloper.pk\/wp-content\/uploads\/2024\/10\/Oferta-31-RO-2048x1365.jpg 2048w, https:\/\/writers.wpdeveloper.pk\/wp-content\/uploads\/2024\/10\/Oferta-31-RO-600x400.jpg 600w\" sizes=\"(max-width: 2560px) 100vw, 2560px\" \/>\t\t\t\t\t\t\t\t\t\t\t\t\t\t\t<\/div>\n\t\t\t\t<\/div>\n\t\t\t\t<div class=\"elementor-element elementor-element-dc97715 animated-fast no-mrg elementor-widget elementor-widget-heading\" data-id=\"dc97715\" data-element_type=\"widget\" data-settings=\"{&quot;_animation&quot;:&quot;none&quot;}\" data-widget_type=\"heading.default\">\n\t\t\t\t<div class=\"elementor-widget-container\">\n\t\t\t\t\t<h2 class=\"elementor-heading-title elementor-size-default\">Comand\u0103 4, pl\u0103te\u0219ti 3<\/h2>\t\t\t\t<\/div>\n\t\t\t\t<\/div>\n\t\t\t\t<div class=\"elementor-element elementor-element-234ddf2 elementor-invisible elementor-widget elementor-widget-text-editor\" data-id=\"234ddf2\" data-element_type=\"widget\" data-settings=\"{&quot;_animation&quot;:&quot;fadeIn&quot;,&quot;_animation_delay&quot;:300}\" data-widget_type=\"text-editor.default\">\n\t\t\t\t<div class=\"elementor-widget-container\">\n\t\t\t\t\t\t\t\t\t<p>\u00cencepe semestrul f\u0103r\u0103 stres!<\/p><p>Nu rata oferta!<\/p>\t\t\t\t\t\t\t\t<\/div>\n\t\t\t\t<\/div>\n\t\t\t\t<div class=\"elementor-element elementor-element-163905d elementor-invisible elementor-widget elementor-widget-text-editor\" data-id=\"163905d\" data-element_type=\"widget\" data-settings=\"{&quot;_animation&quot;:&quot;fadeIn&quot;,&quot;_animation_delay&quot;:300}\" data-widget_type=\"text-editor.default\">\n\t\t\t\t<div class=\"elementor-widget-container\">\n\t\t\t\t\t\t\t\t\t<p>Sun\u0103 acum: <a href=\"tel: 0742 807 9989\">0742 807 9989<\/a><\/p><p>sau completeaz\u0103 formularul nostru.<\/p><p>\u00a0<\/p>\t\t\t\t\t\t\t\t<\/div>\n\t\t\t\t<\/div>\n\t\t\t\t<div class=\"elementor-element elementor-element-c48901e order-now-btn elementor-align-center elementor-widget elementor-widget-button\" data-id=\"c48901e\" data-element_type=\"widget\" data-widget_type=\"button.default\">\n\t\t\t\t<div class=\"elementor-widget-container\">\n\t\t\t\t\t\t\t\t\t<div class=\"elementor-button-wrapper\">\n\t\t\t\t\t<a class=\"elementor-button elementor-button-link elementor-size-md\" href=\"https:\/\/writers.myserverpk.plus\/index.php\/ro\/formular-de-comanda\/\">\n\t\t\t\t\t\t<span class=\"elementor-button-content-wrapper\">\n\t\t\t\t\t\t\t\t\t<span class=\"elementor-button-text\">VREAU OFERTA!<\/span>\n\t\t\t\t\t<\/span>\n\t\t\t\t\t<\/a>\n\t\t\t\t<\/div>\n\t\t\t\t\t\t\t\t<\/div>\n\t\t\t\t<\/div>\n\t\t\t\t\t<\/div>\n\t\t<\/div>\n\t\t\t\t<div class=\"elementor-column elementor-col-20 elementor-inner-column elementor-element elementor-element-c84334a students-offer-col\" data-id=\"c84334a\" data-element_type=\"column\">\n\t\t\t<div class=\"elementor-widget-wrap elementor-element-populated\">\n\t\t\t\t\t\t<div class=\"elementor-element elementor-element-3b76815 paper-fold-wrap elementor-widget elementor-widget-html\" data-id=\"3b76815\" data-element_type=\"widget\" data-widget_type=\"html.default\">\n\t\t\t\t<div class=\"elementor-widget-container\">\n\t\t\t\t\t<p class=\"paper fold\"><\/p>\t\t\t\t<\/div>\n\t\t\t\t<\/div>\n\t\t\t\t<div class=\"elementor-element elementor-element-3e02a79 elementor-widget elementor-widget-image\" data-id=\"3e02a79\" data-element_type=\"widget\" data-widget_type=\"image.default\">\n\t\t\t\t<div class=\"elementor-widget-container\">\n\t\t\t\t\t\t\t\t\t\t\t\t\t\t\t<img decoding=\"async\" width=\"2560\" height=\"1706\" src=\"https:\/\/writers.wpdeveloper.pk\/wp-content\/uploads\/2025\/08\/Tombola-RO-scaled.png\" class=\"attachment-full size-full wp-image-16046\" alt=\"\" srcset=\"https:\/\/writers.wpdeveloper.pk\/wp-content\/uploads\/2025\/08\/Tombola-RO-scaled.png 2560w, https:\/\/writers.wpdeveloper.pk\/wp-content\/uploads\/2025\/08\/Tombola-RO-300x200.png 300w, https:\/\/writers.wpdeveloper.pk\/wp-content\/uploads\/2025\/08\/Tombola-RO-1024x682.png 1024w, https:\/\/writers.wpdeveloper.pk\/wp-content\/uploads\/2025\/08\/Tombola-RO-768x512.png 768w, https:\/\/writers.wpdeveloper.pk\/wp-content\/uploads\/2025\/08\/Tombola-RO-1536x1023.png 1536w, https:\/\/writers.wpdeveloper.pk\/wp-content\/uploads\/2025\/08\/Tombola-RO-2048x1365.png 2048w, https:\/\/writers.wpdeveloper.pk\/wp-content\/uploads\/2025\/08\/Tombola-RO-600x400.png 600w\" sizes=\"(max-width: 2560px) 100vw, 2560px\" \/>\t\t\t\t\t\t\t\t\t\t\t\t\t\t\t<\/div>\n\t\t\t\t<\/div>\n\t\t\t\t<div class=\"elementor-element elementor-element-93bcb92 animated-fast no-mrg elementor-widget elementor-widget-heading\" data-id=\"93bcb92\" data-element_type=\"widget\" data-settings=\"{&quot;_animation&quot;:&quot;none&quot;}\" data-widget_type=\"heading.default\">\n\t\t\t\t<div class=\"elementor-widget-container\">\n\t\t\t\t\t<h2 class=\"elementor-heading-title elementor-size-default\">Tombola The Writers!<\/h2>\t\t\t\t<\/div>\n\t\t\t\t<\/div>\n\t\t\t\t<div class=\"elementor-element elementor-element-cbdebac elementor-invisible elementor-widget elementor-widget-text-editor\" data-id=\"cbdebac\" data-element_type=\"widget\" data-settings=\"{&quot;_animation&quot;:&quot;fadeIn&quot;,&quot;_animation_delay&quot;:300}\" data-widget_type=\"text-editor.default\">\n\t\t\t\t<div class=\"elementor-widget-container\">\n\t\t\t\t\t\t\t\t\t<p>Particip\u0103 la tombola noastr\u0103 s\u0103pt\u0103m\u00e2nal\u0103!<\/p><p>Acum ai \u0219ansa s\u0103 c\u00e2\u0219tigi un proiect gratuit \u00een fiecare s\u0103pt\u0103m\u00e2n\u0103.<\/p><p>Extragerea are loc \u00een fiecare s\u00e2mb\u0103t\u0103, la ora 18:00.<\/p><p>Apas\u0103 butonul \u0219i \u00eenscrie-te chiar azi!<\/p><p>\u00a0<\/p>\t\t\t\t\t\t\t\t<\/div>\n\t\t\t\t<\/div>\n\t\t\t\t<div class=\"elementor-element elementor-element-6203542 order-now-btn elementor-align-center elementor-widget elementor-widget-button\" data-id=\"6203542\" data-element_type=\"widget\" data-widget_type=\"button.default\">\n\t\t\t\t<div class=\"elementor-widget-container\">\n\t\t\t\t\t\t\t\t\t<div class=\"elementor-button-wrapper\">\n\t\t\t\t\t<a class=\"elementor-button elementor-button-link elementor-size-md\" href=\"https:\/\/writers.myserverpk.plus\/index.php\/ro\/tombola-saptamanala\/\">\n\t\t\t\t\t\t<span class=\"elementor-button-content-wrapper\">\n\t\t\t\t\t\t\t\t\t<span class=\"elementor-button-text\">PARTICIPA AICI!<\/span>\n\t\t\t\t\t<\/span>\n\t\t\t\t\t<\/a>\n\t\t\t\t<\/div>\n\t\t\t\t\t\t\t\t<\/div>\n\t\t\t\t<\/div>\n\t\t\t\t\t<\/div>\n\t\t<\/div>\n\t\t\t\t<div class=\"elementor-column elementor-col-20 elementor-inner-column elementor-element elementor-element-25c3445\" data-id=\"25c3445\" data-element_type=\"column\">\n\t\t\t<div class=\"elementor-widget-wrap\">\n\t\t\t\t\t\t\t<\/div>\n\t\t<\/div>\n\t\t\t\t\t<\/div>\n\t\t<\/section>\n\t\t\t\t<section class=\"elementor-section elementor-inner-section elementor-element elementor-element-65946fc subscribe-form-wrap elementor-section-boxed elementor-section-height-default elementor-section-height-default\" data-id=\"65946fc\" data-element_type=\"section\">\n\t\t\t\t\t\t<div class=\"elementor-container elementor-column-gap-default\">\n\t\t\t\t\t<div class=\"elementor-column elementor-col-100 elementor-inner-column elementor-element elementor-element-a167642\" data-id=\"a167642\" data-element_type=\"column\">\n\t\t\t<div class=\"elementor-widget-wrap elementor-element-populated\">\n\t\t\t\t\t\t<div class=\"elementor-element elementor-element-0c9773d elementor-widget elementor-widget-shortcode\" data-id=\"0c9773d\" data-element_type=\"widget\" data-widget_type=\"shortcode.default\">\n\t\t\t\t<div class=\"elementor-widget-container\">\n\t\t\t\t\t\t\t<div class=\"elementor-shortcode\"><div class='fluentform ff-default fluentform_wrapper_4 ffs_default_wrap'><form data-form_id=\"4\" id=\"fluentform_4\" class=\"frm-fluent-form fluent_form_4 ff-el-form-top ff_form_instance_4_1 ff-form-loading ffs_default\" data-form_instance=\"ff_form_instance_4_1\" method=\"POST\" ><fieldset  style=\"border: none!important;margin: 0!important;padding: 0!important;background-color: transparent!important;box-shadow: none!important;outline: none!important; min-inline-size: 100%;\">\n                    <legend class=\"ff_screen_reader_title\" style=\"display: block; margin: 0!important;padding: 0!important;height: 0!important;text-indent: -999999px;width: 0!important;overflow:hidden;\">Subscription Form RO (#4)<\/legend><p style=\"display: none !important;\" class=\"akismet-fields-container\" data-prefix=\"ak_\"><label>&#916;<textarea name=\"ak_hp_textarea\" cols=\"45\" rows=\"8\" maxlength=\"100\"><\/textarea><\/label><input type=\"hidden\" id=\"ak_js_1\" name=\"ak_js\" value=\"103\"\/><script>document.getElementById( \"ak_js_1\" ).setAttribute( \"value\", ( new Date() ).getTime() );<\/script><\/p><input type='hidden' name='__fluent_form_embded_post_id' value='13662' \/><input type=\"hidden\" id=\"_fluentform_4_fluentformnonce\" name=\"_fluentform_4_fluentformnonce\" value=\"3ff797bd78\" \/><input type=\"hidden\" name=\"_wp_http_referer\" value=\"\/index.php\/wp-json\/wp\/v2\/pages\/13662\" \/><div data-name=\"ff_cn_id_1\"  class='ff-t-container ff-column-container ff_columns_total_2  '><div class='ff-t-cell ff-t-column-1' style='flex-basis: 50%;'><div class='ff-el-group'><div class='ff-el-input--content'><input type=\"email\" name=\"email\" id=\"ff_4_email\" class=\"ff-el-form-control\" placeholder=\"Adresa dvs. de e-mail\" data-name=\"email\"  aria-invalid=\"false\" aria-required=true><\/div><\/div><\/div><div class='ff-t-cell ff-t-column-2' style='flex-basis: 50%;'><div class='ff-el-group ff-text-left ff_submit_btn_wrapper ff_submit_btn_wrapper_custom'><button class=\"ff-btn ff-btn-submit ff-btn-md ff_btn_style wpf_has_custom_css\" type=\"submit\" name=\"custom_submit_button-4_1\" data-name=\"custom_submit_button-4_1\" > Aboneaz\u0103-te<\/button><style>form.fluent_form_4 .wpf_has_custom_css.ff-btn-submit { background-color:#409EFF;border-color:#409EFF;color:#ffffff;min-width:100%; }form.fluent_form_4 .wpf_has_custom_css.ff-btn-submit:hover { background-color:#ffffff;border-color:#409EFF;color:#409EFF;min-width:100%; } <\/style><\/div><\/div><\/div><\/fieldset><\/form><div id='fluentform_4_errors' class='ff-errors-in-stack ff_form_instance_4_1 ff-form-loading_errors ff_form_instance_4_1_errors'><\/div><\/div>        <script type=\"text\/javascript\">\n            window.fluent_form_ff_form_instance_4_1 = {\"id\":\"4\",\"settings\":{\"layout\":{\"labelPlacement\":\"top\",\"helpMessagePlacement\":\"with_label\",\"errorMessagePlacement\":\"inline\",\"asteriskPlacement\":\"asterisk-right\"},\"restrictions\":{\"denyEmptySubmission\":{\"enabled\":false}}},\"form_instance\":\"ff_form_instance_4_1\",\"form_id_selector\":\"fluentform_4\",\"rules\":{\"email\":{\"required\":{\"value\":true,\"message\":\"This field is required\"},\"email\":{\"value\":true,\"message\":\"This field must contain a valid email\"}}},\"debounce_time\":300};\n                    <\/script>\n        <\/div>\n\t\t\t\t\t\t<\/div>\n\t\t\t\t<\/div>\n\t\t\t\t\t<\/div>\n\t\t<\/div>\n\t\t\t\t\t<\/div>\n\t\t<\/section>\n\t\t\t\t\t<\/div>\n\t\t<\/div>\n\t\t\t\t\t<\/div>\n\t\t<\/section>\n\t\t\t\t<\/div>\n\t\t","protected":false},"excerpt":{"rendered":"<p>Aboneaz\u0103-te la newsletter Prima comand\u0103! Nou aici?Ai deja 20% reducere din start! Comand\u0103 1, 2 sau 3 proiecte simultan \u0219i beneficiezi de 20% reducere la prima ta comand\u0103! Gr\u0103be\u0219te-te!Sun\u0103-ne la 0742 807 9989 sau completeaz\u0103 formularul nostru! VREAU OFERTA! Comand\u0103 4, pl\u0103te\u0219ti 3 \u00cencepe semestrul f\u0103r\u0103 stres! Nu rata oferta! Sun\u0103 acum: 0742 807 9989 [&hellip;]<\/p>\n","protected":false},"author":1,"featured_media":0,"parent":0,"menu_order":0,"comment_status":"closed","ping_status":"closed","template":"elementor_header_footer","meta":{"footnotes":""},"class_list":["post-13662","page","type-page","status-publish","hentry"],"_links":{"self":[{"href":"https:\/\/writers.wpdeveloper.pk\/index.php\/wp-json\/wp\/v2\/pages\/13662","targetHints":{"allow":["GET"]}}],"collection":[{"href":"https:\/\/writers.wpdeveloper.pk\/index.php\/wp-json\/wp\/v2\/pages"}],"about":[{"href":"https:\/\/writers.wpdeveloper.pk\/index.php\/wp-json\/wp\/v2\/types\/page"}],"author":[{"embeddable":true,"href":"https:\/\/writers.wpdeveloper.pk\/index.php\/wp-json\/wp\/v2\/users\/1"}],"replies":[{"embeddable":true,"href":"https:\/\/writers.wpdeveloper.pk\/index.php\/wp-json\/wp\/v2\/comments?post=13662"}],"version-history":[{"count":32,"href":"https:\/\/writers.wpdeveloper.pk\/index.php\/wp-json\/wp\/v2\/pages\/13662\/revisions"}],"predecessor-version":[{"id":16285,"href":"https:\/\/writers.wpdeveloper.pk\/index.php\/wp-json\/wp\/v2\/pages\/13662\/revisions\/16285"}],"wp:attachment":[{"href":"https:\/\/writers.wpdeveloper.pk\/index.php\/wp-json\/wp\/v2\/media?parent=13662"}],"curies":[{"name":"wp","href":"https:\/\/api.w.org\/{rel}","templated":true}]}}