{"id":1420,"date":"2021-08-18T14:59:55","date_gmt":"2021-08-18T14:59:55","guid":{"rendered":"https:\/\/writers.enimz.com\/?page_id=1420"},"modified":"2024-09-04T06:48:53","modified_gmt":"2024-09-04T06:48:53","slug":"formular-de-comanda","status":"publish","type":"page","link":"https:\/\/writers.wpdeveloper.pk\/index.php\/ro\/formular-de-comanda\/","title":{"rendered":"Formular de comand\u0103"},"content":{"rendered":"\t\t<div data-elementor-type=\"wp-page\" data-elementor-id=\"1420\" class=\"elementor elementor-1420\" data-elementor-post-type=\"page\">\n\t\t\t\t\t\t<section class=\"elementor-section elementor-top-section elementor-element elementor-element-ea8c8db elementor-section-full_width ppr-brd elementor-section-height-default elementor-section-height-default\" data-id=\"ea8c8db\" data-element_type=\"section\">\n\t\t\t\t\t\t<div class=\"elementor-container elementor-column-gap-no\">\n\t\t\t\t\t<div class=\"elementor-column elementor-col-100 elementor-top-column elementor-element elementor-element-1ea0a45\" data-id=\"1ea0a45\" data-element_type=\"column\">\n\t\t\t<div class=\"elementor-widget-wrap elementor-element-populated\">\n\t\t\t\t\t\t<div class=\"elementor-element elementor-element-2174f7a paper-brd elementor-widget elementor-widget-image\" data-id=\"2174f7a\" data-element_type=\"widget\" data-widget_type=\"image.default\">\n\t\t\t\t<div class=\"elementor-widget-container\">\n\t\t\t\t\t\t\t\t\t\t\t\t\t\t\t<img fetchpriority=\"high\" decoding=\"async\" width=\"2048\" height=\"115\" src=\"https:\/\/writers.wpdeveloper.pk\/wp-content\/uploads\/2021\/08\/paper-border-top.png\" class=\"attachment-full size-full wp-image-1697\" alt=\"\" srcset=\"https:\/\/writers.wpdeveloper.pk\/wp-content\/uploads\/2021\/08\/paper-border-top.png 2048w, https:\/\/writers.wpdeveloper.pk\/wp-content\/uploads\/2021\/08\/paper-border-top-600x34.png 600w, https:\/\/writers.wpdeveloper.pk\/wp-content\/uploads\/2021\/08\/paper-border-top-300x17.png 300w, https:\/\/writers.wpdeveloper.pk\/wp-content\/uploads\/2021\/08\/paper-border-top-1024x58.png 1024w, https:\/\/writers.wpdeveloper.pk\/wp-content\/uploads\/2021\/08\/paper-border-top-768x43.png 768w, https:\/\/writers.wpdeveloper.pk\/wp-content\/uploads\/2021\/08\/paper-border-top-1536x86.png 1536w, https:\/\/writers.wpdeveloper.pk\/wp-content\/uploads\/2021\/08\/paper-border-top-1200x67.png 1200w, https:\/\/writers.wpdeveloper.pk\/wp-content\/uploads\/2021\/08\/paper-border-top-1980x111.png 1980w\" sizes=\"(max-width: 2048px) 100vw, 2048px\" \/>\t\t\t\t\t\t\t\t\t\t\t\t\t\t\t<\/div>\n\t\t\t\t<\/div>\n\t\t\t\t\t<\/div>\n\t\t<\/div>\n\t\t\t\t\t<\/div>\n\t\t<\/section>\n\t\t\t\t<section data-dce-background-color=\"#FFFFFF\" class=\"elementor-section elementor-top-section elementor-element elementor-element-b11bec1 contact-section elementor-section-boxed elementor-section-height-default elementor-section-height-default\" data-id=\"b11bec1\" data-element_type=\"section\" data-settings=\"{&quot;background_background&quot;:&quot;classic&quot;}\">\n\t\t\t\t\t\t<div class=\"elementor-container elementor-column-gap-default\">\n\t\t\t\t\t<div class=\"elementor-column elementor-col-100 elementor-top-column elementor-element elementor-element-40efe50\" data-id=\"40efe50\" data-element_type=\"column\">\n\t\t\t<div class=\"elementor-widget-wrap elementor-element-populated\">\n\t\t\t\t\t\t<section class=\"elementor-section elementor-inner-section elementor-element elementor-element-912a80c elementor-section-full_width elementor-section-height-default elementor-section-height-default\" data-id=\"912a80c\" data-element_type=\"section\">\n\t\t\t\t\t\t<div class=\"elementor-container elementor-column-gap-no\">\n\t\t\t\t\t<div class=\"elementor-column elementor-col-50 elementor-inner-column elementor-element elementor-element-1f92279\" data-id=\"1f92279\" data-element_type=\"column\">\n\t\t\t<div class=\"elementor-widget-wrap elementor-element-populated\">\n\t\t\t\t\t\t<div class=\"elementor-element elementor-element-bb3ef4a elementor-widget elementor-widget-heading\" data-id=\"bb3ef4a\" data-element_type=\"widget\" data-widget_type=\"heading.default\">\n\t\t\t\t<div class=\"elementor-widget-container\">\n\t\t\t\t\t<h2 class=\"elementor-heading-title elementor-size-default\">Afl\u0103 pre\u021bul<\/h2>\t\t\t\t<\/div>\n\t\t\t\t<\/div>\n\t\t\t\t<div class=\"elementor-element elementor-element-7651687 elementor-widget__width-initial elementor-widget elementor-widget-text-editor\" data-id=\"7651687\" data-element_type=\"widget\" data-widget_type=\"text-editor.default\">\n\t\t\t\t<div class=\"elementor-widget-container\">\n\t\t\t\t\t\t\t\t\t<p>Te rug\u0103m s\u0103 completezi toate c\u00e2mpurile necesare din formular. Odat\u0103 trimis, colegii nostri te vor contacta \u00een cateva minute.<\/p>\t\t\t\t\t\t\t\t<\/div>\n\t\t\t\t<\/div>\n\t\t\t\t\t<\/div>\n\t\t<\/div>\n\t\t\t\t<div class=\"elementor-column elementor-col-50 elementor-inner-column elementor-element elementor-element-9b8454a\" data-id=\"9b8454a\" data-element_type=\"column\">\n\t\t\t<div class=\"elementor-widget-wrap elementor-element-populated\">\n\t\t\t\t\t\t<div class=\"elementor-element elementor-element-669caf1 e-transform order-paper-plane elementor-align-center elementor-widget elementor-widget-lottie\" data-id=\"669caf1\" data-element_type=\"widget\" data-settings=\"{&quot;_transform_flipX_effect&quot;:&quot;transform&quot;,&quot;source_json&quot;:{&quot;url&quot;:&quot;https:\\\/\\\/writers.myserverpk.plus\\\/wp-content\\\/uploads\\\/2023\\\/06\\\/Cyn20vXogH.json&quot;,&quot;id&quot;:9318,&quot;size&quot;:&quot;&quot;,&quot;alt&quot;:&quot;&quot;,&quot;source&quot;:&quot;library&quot;},&quot;loop&quot;:&quot;yes&quot;,&quot;play_speed&quot;:{&quot;unit&quot;:&quot;px&quot;,&quot;size&quot;:1.5,&quot;sizes&quot;:[]},&quot;source&quot;:&quot;media_file&quot;,&quot;caption_source&quot;:&quot;none&quot;,&quot;link_to&quot;:&quot;none&quot;,&quot;trigger&quot;:&quot;arriving_to_viewport&quot;,&quot;viewport&quot;:{&quot;unit&quot;:&quot;%&quot;,&quot;size&quot;:&quot;&quot;,&quot;sizes&quot;:{&quot;start&quot;:0,&quot;end&quot;:100}},&quot;start_point&quot;:{&quot;unit&quot;:&quot;%&quot;,&quot;size&quot;:0,&quot;sizes&quot;:[]},&quot;end_point&quot;:{&quot;unit&quot;:&quot;%&quot;,&quot;size&quot;:100,&quot;sizes&quot;:[]},&quot;renderer&quot;:&quot;svg&quot;}\" data-widget_type=\"lottie.default\">\n\t\t\t\t<div class=\"elementor-widget-container\">\n\t\t\t\t\t<div class=\"e-lottie__container\"><div class=\"e-lottie__animation\"><\/div><\/div>\t\t\t\t<\/div>\n\t\t\t\t<\/div>\n\t\t\t\t\t<\/div>\n\t\t<\/div>\n\t\t\t\t\t<\/div>\n\t\t<\/section>\n\t\t\t\t<div class=\"elementor-element elementor-element-a2d2d0b elementor-widget elementor-widget-heading\" data-id=\"a2d2d0b\" data-element_type=\"widget\" data-widget_type=\"heading.default\">\n\t\t\t\t<div class=\"elementor-widget-container\">\n\t\t\t\t\t<h2 class=\"elementor-heading-title elementor-size-default\">Formular de comand\u0103<\/h2>\t\t\t\t<\/div>\n\t\t\t\t<\/div>\n\t\t\t\t<div class=\"elementor-element elementor-element-84195e8 elementor-widget__width-initial elementor-widget elementor-widget-text-editor\" data-id=\"84195e8\" data-element_type=\"widget\" data-widget_type=\"text-editor.default\">\n\t\t\t\t<div class=\"elementor-widget-container\">\n\t\t\t\t\t\t\t\t\t<p><strong>De c\u00e2te proiecte ai nevoie?<\/strong><\/p><p>Not\u0103: Asigur\u0103-te c\u0103 trimiti separat cate un formular de comand\u0103 pentru fiecare proiect in parte.<\/p>\t\t\t\t\t\t\t\t<\/div>\n\t\t\t\t<\/div>\n\t\t\t\t<div class=\"elementor-element elementor-element-56f3fee orderForm elementor-widget elementor-widget-shortcode\" data-id=\"56f3fee\" data-element_type=\"widget\" data-widget_type=\"shortcode.default\">\n\t\t\t\t<div class=\"elementor-widget-container\">\n\t\t\t\t\t\t\t<div class=\"elementor-shortcode\">[contact-form-7 id=\"13829\" title=\"Order form_RO\"]<\/div>\n\t\t\t\t\t\t<\/div>\n\t\t\t\t<\/div>\n\t\t\t\t<div class=\"elementor-element elementor-element-e2e1d66 elementor-widget elementor-widget-html\" data-id=\"e2e1d66\" data-element_type=\"widget\" data-widget_type=\"html.default\">\n\t\t\t\t<div class=\"elementor-widget-container\">\n\t\t\t\t\t<script> document.getElementById(\"myref\").value = \"\"; console.log(\"Hello!\"); <\/script>\t\t\t\t<\/div>\n\t\t\t\t<\/div>\n\t\t\t\t\t<\/div>\n\t\t<\/div>\n\t\t\t\t\t<\/div>\n\t\t<\/section>\n\t\t\t\t<\/div>\n\t\t","protected":false},"excerpt":{"rendered":"<p>Afl\u0103 pre\u021bul Te rug\u0103m s\u0103 completezi toate c\u00e2mpurile necesare din formular. Odat\u0103 trimis, colegii nostri te vor contacta \u00een cateva minute. Formular de comand\u0103 De c\u00e2te proiecte ai nevoie? Not\u0103: Asigur\u0103-te c\u0103 trimiti separat cate un formular de comand\u0103 pentru fiecare proiect in parte. [contact-form-7 id=&#8221;13829&#8243; title=&#8221;Order form_RO&#8221;]<\/p>\n","protected":false},"author":1,"featured_media":0,"parent":0,"menu_order":0,"comment_status":"closed","ping_status":"closed","template":"elementor_header_footer","meta":{"footnotes":""},"class_list":["post-1420","page","type-page","status-publish","hentry"],"_links":{"self":[{"href":"https:\/\/writers.wpdeveloper.pk\/index.php\/wp-json\/wp\/v2\/pages\/1420","targetHints":{"allow":["GET"]}}],"collection":[{"href":"https:\/\/writers.wpdeveloper.pk\/index.php\/wp-json\/wp\/v2\/pages"}],"about":[{"href":"https:\/\/writers.wpdeveloper.pk\/index.php\/wp-json\/wp\/v2\/types\/page"}],"author":[{"embeddable":true,"href":"https:\/\/writers.wpdeveloper.pk\/index.php\/wp-json\/wp\/v2\/users\/1"}],"replies":[{"embeddable":true,"href":"https:\/\/writers.wpdeveloper.pk\/index.php\/wp-json\/wp\/v2\/comments?post=1420"}],"version-history":[{"count":5,"href":"https:\/\/writers.wpdeveloper.pk\/index.php\/wp-json\/wp\/v2\/pages\/1420\/revisions"}],"predecessor-version":[{"id":15673,"href":"https:\/\/writers.wpdeveloper.pk\/index.php\/wp-json\/wp\/v2\/pages\/1420\/revisions\/15673"}],"wp:attachment":[{"href":"https:\/\/writers.wpdeveloper.pk\/index.php\/wp-json\/wp\/v2\/media?parent=1420"}],"curies":[{"name":"wp","href":"https:\/\/api.w.org\/{rel}","templated":true}]}}