{"id":534,"date":"2021-08-13T05:10:26","date_gmt":"2021-08-13T05:10:26","guid":{"rendered":"http:\/\/hostingwp2128530.online.pro\/autoinstalator\/wordpresswoocommerce3\/?page_id=534"},"modified":"2025-05-20T16:20:01","modified_gmt":"2025-05-20T16:20:01","slug":"politica-de-confidentialitate","status":"publish","type":"page","link":"https:\/\/writers.wpdeveloper.pk\/index.php\/ro\/politica-de-confidentialitate\/","title":{"rendered":"Politic\u0103 de confiden\u021bialitate"},"content":{"rendered":"\t\t<div data-elementor-type=\"wp-page\" data-elementor-id=\"534\" class=\"elementor elementor-534\" data-elementor-post-type=\"page\">\n\t\t\t\t\t\t<section class=\"elementor-section elementor-top-section elementor-element elementor-element-2b6b8407 elementor-section-boxed elementor-section-height-default elementor-section-height-default\" data-id=\"2b6b8407\" data-element_type=\"section\">\n\t\t\t\t\t\t<div class=\"elementor-container elementor-column-gap-default\">\n\t\t\t\t\t<div class=\"elementor-column elementor-col-100 elementor-top-column elementor-element elementor-element-4c0b1faa\" data-id=\"4c0b1faa\" data-element_type=\"column\">\n\t\t\t<div class=\"elementor-widget-wrap elementor-element-populated\">\n\t\t\t\t\t\t<div class=\"elementor-element elementor-element-3a93ddf elementor-widget elementor-widget-text-editor\" data-id=\"3a93ddf\" data-element_type=\"widget\" data-widget_type=\"text-editor.default\">\n\t\t\t\t<div class=\"elementor-widget-container\">\n\t\t\t\t\t\t\t\t\t<p><strong>POLITICA DE SECURITATE, POLITICA DE CONFIDEN\u021aIALITATE&nbsp;\u0218I POLITICA DE COOKIES<\/strong><\/p>\n<p>Confiden\u021bialitatea dvs. este extrem de important\u0103 pentru noi \u0219i din acest motiv Politica noastr\u0103 de confiden\u021bialitate este \u00een conformitate cu prevederile GDPR \u0219i cu orice alte legi referitoare la colectarea \u0219i utilizarea informa\u021biilor personale sau a datelor computerizate ob\u021binute de la vizitatorii site-ului web.<br>Datele cu caracter personal sunt furnizate \u00een mod liber de c\u0103tre Utilizator cu singurul scop de a beneficia de serviciile oferite prin intermediul acestui site web. Cu excep\u021bia cazului \u00een care se specific\u0103 altfel, toate datele solicitate de thewritershelp.com sunt obligatorii, iar nerespectarea acestor date poate face imposibil\u0103 furnizarea serviciilor de c\u0103tre acest site web.<br>Prin utilizarea serviciilor noastre, persoanele fizice accept\u0103 automat politicile \u0219i regulile noastre care sunt prezentate pe acest site web.<br>Detalii complete despre fiecare tip de date personale colectate sunt furnizate \u00een sec\u021biunile dedicate ale acestei politici de confiden\u021bialitate sau prin texte explicative specifice afi\u0219ate \u00eenainte de colectarea datelor.<\/p>\n<p><strong>Ce fel de informa\u021bii sunt colectate&nbsp;\u0219i&nbsp;\u00een ce scop?<\/strong><\/p>\n<p>thewritershelp.com va colecta urm\u0103toarele informa\u021bii atunci c\u00e2nd accesa\u021bi site-ul nostru web:<br>informa\u021biile dvs. de contact, cum ar fi numele complet \u0219i adresa de e-mail, pentru a v\u0103 crea un cont personal pe thewritershelp.com. De asemenea, avem nevoie de aceste informa\u021bii pentru facturi, facturare \u0219i impozitare. Adresa dvs. de e-mail \u0219i num\u0103rul de telefon vor fi principalul contact de comunicare cu Utilizatorul \u0219i pot fi utilizate pentru a v\u0103 furniza materiale de marketing \u0219i promo\u021bionale. Informa\u021biile dvs. de contact vor fi utilizate pentru a r\u0103spunde la toate \u00eentreb\u0103rile dvs. despre serviciile noastre sau pentru a r\u0103spunde la o reclama\u021bie;<br>num\u0103rul dvs. de telefon, pentru a contacta imediat utilizatorul \u00een caz de urgen\u021b\u0103.<\/p>\n<p>\u021aara dvs., pentru a preveni orice utilizare \u0219i rev\u00e2nzare frauduloas\u0103 a conturilor dvs. \u0219i, de asemenea, pentru implica\u021bii fiscale sau TVA.<\/p>\n<p>Ora\u0219ul \/ statul \/ codul po\u0219tal \/ adresa vor fi utilizate ca informa\u021bii de facturare pentru facturi.<\/p>\n<p><strong>Exist\u0103 alte tipuri de informa\u021bii personale pe care le colect\u0103m?<\/strong><\/p>\n<p>Noi \u0219i furnizorii no\u0219tri de servicii ter\u021bi, inclusiv analitici \u0219i furnizori de con\u021binut ter\u021bi, putem colecta automat anumite informa\u021bii de la dvs. ori de c\u00e2te ori accesa\u021bi sau interac\u021biona\u021bi cu Serviciul. Aceste informa\u021bii pot include, printre alte informa\u021bii, browserul \u0219i sistemul de operare pe care \u00eel utiliza\u021bi, adresa URL sau reclama care v-a trimis c\u0103tre Serviciu, termenii de c\u0103utare pe care i-a\u021bi introdus \u00eentr-un motor de c\u0103utare care v-a condus la Serviciu, zone din cadrul Serviciului care a\u021bi vizitat \u0219i alte informa\u021bii partajate \u00een mod obi\u0219nuit atunci c\u00e2nd browserele comunic\u0103 cu site-uri web. Putem combina aceste informa\u021bii jurnal colectate automat cu alte informa\u021bii pe care le colect\u0103m despre dvs.<\/p>\n<p>Motivul pentru care facem acest lucru este s\u0103 \u00eembun\u0103t\u0103\u021bim serviciile pe care vi le oferim, s\u0103 \u00eembun\u0103t\u0103\u021bim func\u021bionalit\u0103\u021bile de marketing, analize \u0219i site-uri, s\u0103 \u00eembun\u0103t\u0103\u021bim caracteristicile site-ului nostru web \u0219i s\u0103 detect\u0103m orice posibil\u0103 fraud\u0103.<br>Informa\u021biile pe care le colect\u0103m includ, de asemenea, adresa Internet Protocol (\u201eIP\u201d) sau alt identificator unic de dispozitiv (\u201eDevice Identifier\u201d) pentru orice dispozitiv (computer, telefon mobil, tablet\u0103 etc.) utilizat pentru a accesa Serviciul. Un identificator de dispozitiv este un num\u0103r care este atribuit sau conectat automat la dispozitivul pe care \u00eel utiliza\u021bi pentru a accesa serviciul, iar serverele noastre v\u0103 identific\u0103 dispozitivul prin identificatorul s\u0103u de dispozitiv. Unii furnizori de servicii de telefonie mobil\u0103 ne pot furniza, de asemenea, noi sau furnizorilor no\u0219tri de servicii ter\u021bi informa\u021bii cu privire la loca\u021bia fizic\u0103 a dispozitivului utilizat pentru a accesa Serviciul.<\/p>\n<p><strong>Cu cine am putea \u00eemp\u0103rt\u0103\u0219i informa\u021biile dvs.?<\/strong><\/p>\n<p>Putem partaja datele dvs. personale cu ter\u021bi, fie pentru c\u0103 a\u021bi consim\u021bit s\u0103 ne permite\u021bi acest lucru, fie din alte motive legale. De exemplu, dar f\u0103r\u0103 limitare, putem partaja informa\u021biile dvs. personale cu:<br>Personalul nostru de marketing s\u0103 v\u0103 furnizeze materiale promo\u021bionale dup\u0103 ce v-a\u021bi \u00eenregistrat pe site-ul nostru web;<br>Companiile noastre din grup, ceea ce \u00eenseamn\u0103 filialele noastre sau societatea noastr\u0103 de holding final\u0103 \u0219i filialele sale, astfel cum sunt definite \u00een sec\u021biunea 1159 din Legea privind companiile din 2006;<br>Subcontractan\u021bi \u0219i ter\u021bi \u00een scopul execut\u0103rii unui contract pe care \u00eel de\u021binem cu ei sau pe care \u00eel de\u021binem cu dvs.;<br>Ter\u021be p\u0103r\u021bi care ne furnizeaz\u0103 servicii deoarece a\u021bi achizi\u021bionat bunuri sau servicii.<\/p>\n<p>Restric\u021biona\u021bi prelucrarea datelor lor. Utilizatorii au dreptul, \u00een anumite circumstan\u021be, s\u0103 restric\u021bioneze prelucrarea datelor lor. \u00cen acest caz, thewritershelp.com nu \u00ee\u0219i va prelucra datele \u00een alt scop dec\u00e2t s\u0103 le stocheze.<br>Solicita\u021bi datele lor personale sau altfel eliminate. Utilizatorii au dreptul, \u00een anumite circumstan\u021be, s\u0103 ob\u021bin\u0103 \u0219tergerea datelor lor de la thewritershelp.com.<br>Primi\u021bi datele \u0219i transfera\u021bi-le c\u0103tre alt operator. Utilizatorii au dreptul s\u0103 primeasc\u0103 datele lor \u00eentr-un format structurat, utilizat \u00een mod obi\u0219nuit \u0219i, dac\u0103 este fezabil din punct de vedere tehnic, s\u0103 le transmit\u0103 altui operator f\u0103r\u0103 niciun obstacol. Aceast\u0103 prevedere este aplicabil\u0103 cu condi\u021bia ca datele s\u0103 fie prelucrate prin mijloace automate \u0219i c\u0103 prelucrarea se bazeaz\u0103 pe consim\u021b\u0103m\u00e2ntul Utilizatorului, pe un contract din care face parte Utilizatorul sau pe obliga\u021biile precontractuale ale acestuia.<br>Depune o pl\u00e2ngere. Utilizatorii au dreptul de a prezenta o reclama\u021bie \u00een fa\u021ba autorit\u0103\u021bii lor competente pentru protec\u021bia datelor.<\/p>\n<p><strong>Modul de exercitare a acestor drepturi<\/strong><\/p>\n<p>Orice solicitare de exercitare a drepturilor utilizatorului poate fi direc\u021bionat\u0103 c\u0103tre thewritershelp.com prin datele de contact furnizate mai jos:<\/p>\n<p>E-mail:&nbsp;<a href=\"mailto:office@thewritershelp.com\">office@thewritershelp.com<\/a><\/p>\n<p>Mobil: +44 (0) 7428 079989<\/p>\n<p>Whatsapp: +44 (0) 7428 079989<\/p>\n<p>Web:&nbsp;<a href=\"https:\/\/writers.myserverpk.plus\/index.php\/ro\/contact\/\">https:\/\/writers.myserverpk.plus\/index.php\/ro\/contact\/<\/a><\/p>\n<p>Aceste solicit\u0103ri pot fi exercitate gratuit \u0219i vor fi adresate de echipa noastr\u0103 c\u00e2t mai cur\u00e2nd posibil \u0219i \u00eentotdeauna \u00een termen de o lun\u0103.<\/p>\n<p><strong>Politica de securitate<\/strong><\/p>\n<p>Securitatea site-ului nostru este de cea mai mare importan\u021b\u0103 pentru noi. Site-ul nostru folose\u0219te software pentru a furniza tehnologie de criptare la nivel \u00eenalt. Folosim m\u0103suri de securitate avansate pentru a v\u0103 proteja informa\u021biile \u00eempotriva pierderii, utiliz\u0103rii necorespunz\u0103toare \u0219i modific\u0103rii, a\u0219a cum este cazul tuturor re\u021belelor de calculatoare conectate la internet.<\/p>\n<p>Cu toate acestea, nu putem oferi garan\u021bii absolute cu privire la securitatea informa\u021biilor pe care le furniza\u021bi pe internet \u0219i, ca atare, nu putem fi responsabili pentru acestea.<\/p>\n<p>Nu v\u0103 vom contacta niciodat\u0103 prin e-mail pentru a solicita detalii personale. Pentru informa\u021bii de aceast\u0103 natur\u0103, v\u0103 vom contacta numai prin telefon.<\/p>\n<p>Nu trimite\u021bi niciodat\u0103 informa\u021bii sensibile, cum ar fi parole sau informa\u021bii despre cardul de credit.Prin crearea unei parole pentru a accesa anumite p\u0103r\u021bi ale site-ului nostru web, sunte\u021bi astfel responsabil pentru p\u0103strarea confiden\u021bialit\u0103\u021bii. V\u0103 rug\u0103m s\u0103 nu partaja\u021bi o parol\u0103 cu nimeni.<\/p>\n<p><strong>Politica privind cookie-urile<\/strong><\/p>\n<p>Un cookie este o bucat\u0103 mic\u0103 de date trimise de pe un site web \u0219i stocate pe computerul utilizatorului de c\u0103tre browserul web al utilizatorului \u00een timp ce acesta navigheaz\u0103.<br>thewritershelp.com folose\u0219te cookie-uri ca un mecanism de \u00eencredere pentru a v\u0103 aminti informa\u021bii de stare (cum ar fi ce sarcin\u0103 a\u021bi comandat) sau pentru a \u00eenregistra activitatea de navigare a utilizatorului (inclusiv f\u0103c\u00e2nd clic pe anumite butoane, conectarea sau \u00eenregistrarea paginilor care au fost vizitate \u00een trecut).<br>Cookie-urile pot fi, de asemenea, utilizate pentru a aminti informa\u021bii arbitrare pe care Utilizatorul le-a introdus anterior \u00een c\u00e2mpuri de formular, cum ar fi nume, adrese \u0219i parole, pentru a ar\u0103ta con\u021binut relevant utilizatorului respectiv de-a lungul timpului. De exemplu, thewritershelp.com trimite un cookie care con\u021bine numele de utilizator care a fost folosit ultima dat\u0103 pentru a v\u0103 conecta la un site web, astfel \u00eenc\u00e2t acesta s\u0103 poat\u0103 fi completat automat la urm\u0103toarea conectare a utilizatorului.<\/p>\n<p>thewritershelp.com folose\u0219te cookie-uri de autentificare pentru a \u0219ti dac\u0103 utilizatorul este conectat sau nu \u0219i cu ce cont este conectat. F\u0103r\u0103 un astfel de mecanism, site-ul nu ar \u0219ti dac\u0103 s\u0103 trimit\u0103 o pagin\u0103 care con\u021bine informa\u021bii sensibile sau s\u0103 solicite utilizatorului s\u0103 se autentifice prin logare.<\/p>\n<p><strong>Informa\u021bii suplimentare despre colectarea \u0219i prelucrarea datelor<\/strong><\/p>\n<p>Datele personale ale utilizatorului pot fi utilizate \u00een scopuri legale de thewritershelp.com \u00een instan\u021b\u0103 sau \u00een etapele care conduc la o posibil\u0103 ac\u021biune \u00een justi\u021bie care rezult\u0103 din utilizarea necorespunz\u0103toare a acestui site web sau a serviciilor conexe furnizate de acesta.<\/p>\n<p><strong>Metode de prelucrare a datelor<\/strong><\/p>\n<p>thewritershelp.com ia m\u0103surile de securitate adecvate pentru a preveni accesul neautorizat, divulgarea, modificarea sau distrugerea neautorizat\u0103 a Datelor.<br>Prelucrarea datelor se efectueaz\u0103 utiliz\u00e2nd computere \u0219i \/ sau instrumente IT, urm\u00e2nd proceduri \u0219i moduri organiza\u021bionale strict legate de scopurile indicate. \u00cen plus fa\u021b\u0103 de thewritershelp.com, \u00een unele cazuri, datele pot fi accesibile anumitor tipuri de persoane responsabile, implicate \u00een func\u021bionarea acestui site web (administrare, v\u00e2nz\u0103ri, marketing, juridic\u0103, administrare a sistemului) sau p\u0103r\u021bi externe (cum ar fi ter\u021be persoane) -furnizori de servicii tehnice, transportatori de po\u0219t\u0103, furnizori de g\u0103zduire, companii IT, agen\u021bii de comunica\u021bii).<\/p>\n<p><strong>Temeiul juridic al prelucr\u0103rii<\/strong><\/p>\n<p>thewritershelp.com poate prelucra date personale referitoare la oricare dintre utilizatorii s\u0103i dac\u0103 se aplic\u0103 una dintre urm\u0103toarele:<br>utilizatorii \u0219i-au dat consim\u021b\u0103m\u00e2ntul pentru unul sau mai multe scopuri specifice. furnizarea de date este necesar\u0103 pentru realizarea unui acord cu utilizatorul \u0219i \/ sau pentru orice obliga\u021bii precontractuale ale acestuia;<br>Datele sunt necesare pentru executarea unui contract la care Utilizatorul este parte;<br>prelucrarea este necesar\u0103 pentru respectarea unei obliga\u021bii legale la care este supus thewritershelp.com, inclusiv pentru a \u00eendeplini cerin\u021bele de securitate na\u021bional\u0103 sau de aplicare a legii;<br>prelucrarea este necesar\u0103 \u00een scopul intereselor legitime urm\u0103rite de thewritershelp.com sau de o ter\u021b\u0103 parte.<\/p>\n<p><strong>Unde sunt procesate datele?<\/strong><\/p>\n<p>Datele sunt stocate \u0219i prelucrate la birourile de operare thewritershelp.com, serverele Blue Host \u0219i \u00een orice alte locuri \u00een care se afl\u0103 p\u0103r\u021bile implicate \u00een prelucrare. \u00cen func\u021bie de loca\u021bia utilizatorului, transferurile de date pot implica transferul datelor utilizatorului c\u0103tre o alt\u0103 \u021bar\u0103 dec\u00e2t a lor.<br>Timp de reten\u021bie<br>Datele cu caracter personal vor fi prelucrate \u0219i stocate at\u00e2t timp c\u00e2t este necesar pentru scopul pentru care au fost colectate.<br>Prin urmare, Datele cu caracter personal colectate \u00een scopuri legate de executarea unui contract \/ acord \/ comand\u0103 \u00eentre thewritershelp.com \u0219i Utilizator vor fi p\u0103strate p\u00e2n\u0103 c\u00e2nd respectivul contract \/ acord \/ comand\u0103 a fost \u00eendeplinit pe deplin \u0219i utilizatorul nu mai necesit\u0103 servicii qassignments.com.<br>Datele cu caracter personal colectate \u00een scopul thewritershelp.com intereselor legitime vor fi p\u0103strate at\u00e2t timp c\u00e2t este necesar pentru \u00eendeplinirea acestor scopuri.<br>thewritershelp.com poate fi autorizat s\u0103 p\u0103streze datele cu caracter personal pentru o perioad\u0103 mai lung\u0103 ori de c\u00e2te ori utilizatorul \u0219i-a dat consim\u021b\u0103m\u00e2ntul pentru o astfel de prelucrare, at\u00e2ta timp c\u00e2t un astfel de consim\u021b\u0103m\u00e2nt nu este retras. \u00cen plus, thewritershelp.com Proprietarul poate fi obligat s\u0103 p\u0103streze datele cu caracter personal pentru o perioad\u0103 mai lung\u0103 ori de c\u00e2te ori i se solicit\u0103 acest lucru pentru \u00eendeplinirea unei obliga\u021bii legale sau la ordinul unei autorit\u0103\u021bi.<br>Dup\u0103 expirarea perioadei de p\u0103strare, datele cu caracter personal vor fi \u0219terse. Prin urmare, dreptul de acces, dreptul la \u0219tergere, dreptul la rectificare \u0219i dreptul la portabilitatea datelor nu pot fi puse \u00een aplicare dup\u0103 expirarea perioadei de p\u0103strare.<\/p>\n<p><strong>Drepturile utilizatorilor<\/strong><\/p>\n<p>Datele sunt stocate \u0219i prelucrate la birourile de operare thewritershelp.com, serverele Blue Host \u0219i \u00een orice alte locuri \u00een care se afl\u0103 p\u0103r\u021bile implicate \u00een prelucrare. \u00cen func\u021bie de loca\u021bia utilizatorului, transferurile de date pot implica transferul datelor utilizatorului c\u0103tre o alt\u0103 \u021bar\u0103 dec\u00e2t a lor.<br>Timp de reten\u021bie<br>Datele cu caracter personal vor fi prelucrate \u0219i stocate at\u00e2t timp c\u00e2t este necesar pentru scopul pentru care au fost colectate.<br>Prin urmare, Datele cu caracter personal colectate \u00een scopuri legate de executarea unui contract \/ acord \/ comand\u0103 \u00eentre thewritershelp.com \u0219i Utilizator vor fi p\u0103strate p\u00e2n\u0103 c\u00e2nd respectivul contract \/ acord \/ comand\u0103 a fost \u00eendeplinit pe deplin \u0219i utilizatorul nu mai necesit\u0103 servicii qassignments.com.<br>Datele cu caracter personal colectate \u00een scopul thewritershelp.com intereselor legitime vor fi p\u0103strate at\u00e2t timp c\u00e2t este necesar pentru \u00eendeplinirea acestor scopuri.<br>thewritershelp.com poate fi autorizat s\u0103 p\u0103streze datele cu caracter personal pentru o perioad\u0103 mai lung\u0103 ori de c\u00e2te ori utilizatorul \u0219i-a dat consim\u021b\u0103m\u00e2ntul pentru o astfel de prelucrare, at\u00e2ta timp c\u00e2t un astfel de consim\u021b\u0103m\u00e2nt nu este retras. \u00cen plus, thewritershelp.com Proprietarul poate fi obligat s\u0103 p\u0103streze datele cu caracter personal pentru o perioad\u0103 mai lung\u0103 ori de c\u00e2te ori i se solicit\u0103 acest lucru pentru \u00eendeplinirea unei obliga\u021bii legale sau la ordinul unei autorit\u0103\u021bi.<\/p>\n<p>Dup\u0103 expirarea perioadei de p\u0103strare, datele cu caracter personal vor fi \u0219terse. Prin urmare, dreptul de acces, dreptul la \u0219tergere, dreptul la rectificare \u0219i dreptul la portabilitatea datelor nu pot fi puse \u00een aplicare dup\u0103 expirarea perioadei de p\u0103strare.<\/p>\n<p>Utilizatorii pot exercita anumite drepturi cu privire la datele lor prelucrate de thewritershelp.com \u0219i au dreptul s\u0103 fac\u0103 urm\u0103toarele:<br>Retrage\u021bi-v\u0103 consim\u021b\u0103m\u00e2ntul \u00een orice moment. Utilizatorii au dreptul s\u0103 retrag\u0103 consim\u021b\u0103m\u00e2ntul \u00een cazul \u00een care \u0219i-au dat anterior consim\u021b\u0103m\u00e2ntul pentru prelucrarea datelor lor personale.<\/p>\n<p>Obiecte la prelucrarea datelor lor. Utilizatorii au dreptul s\u0103 se opun\u0103 prelucr\u0103rii Datelor lor \u00een cazul \u00een care prelucrarea se efectueaz\u0103 pe o baz\u0103 legal\u0103 diferit\u0103 de consim\u021b\u0103m\u00e2nt.<br>Accesa\u021bi datele lor. Utilizatorii au dreptul s\u0103 afle dac\u0103 datele sunt prelucrate de thewritershelp.com, s\u0103 ob\u021bin\u0103 dezv\u0103luiri cu privire la anumite aspecte ale prelucr\u0103rii \u0219i s\u0103 ob\u021bin\u0103 o copie a datelor \u00een curs de procesare.<br>Verific\u0103 \u0219i caut\u0103 rectificare. Utilizatorii au dreptul s\u0103 verifice acurate\u021bea datelor lor \u0219i s\u0103 solicite actualizarea sau corectarea acestora.<\/p>\n<p>Utilizatorul declar\u0103 c\u0103 este con\u0219tient de faptul c\u0103 thewritershelp.com poate fi obligat s\u0103 dezv\u0103luie date cu caracter personal la cererea autorit\u0103\u021bilor publice.<\/p>\n<p><strong>Modific\u0103ri la aceast\u0103 politic\u0103 de confiden\u021bialitate<\/strong><\/p>\n<p>thewritershelp.com \u00ee\u0219i rezerv\u0103 dreptul de a aduce modific\u0103ri acestei politici de confiden\u021bialitate \u00een orice moment, notific\u00e2ndu-i Utilizatorilor pe aceast\u0103 pagin\u0103 \u0219i, eventual, \u00een cadrul acestei Aplica\u021bii \u0219i \/ sau \u2013 \u00een m\u0103sura \u00een care este fezabil din punct de vedere tehnic \u0219i legal \u2013 trimit\u00e2nd o notificare Utilizatorilor prin orice informa\u021bii de contact disponibile c\u0103tre proprietar. Se recomand\u0103 insistent s\u0103 verifica\u021bi aceast\u0103 pagin\u0103 des, f\u0103c\u00e2nd referire la data ultimei modific\u0103ri enumerate \u00een partea de jos.<br>\u00cen cazul \u00een care modific\u0103rile afecteaz\u0103 activit\u0103\u021bile de prelucrare efectuate pe baza consim\u021b\u0103m\u00e2ntului utilizatorului, thewritershelp.com va colecta consim\u021b\u0103m\u00e2ntul nou al utilizatorului, acolo unde este necesar.<\/p>\t\t\t\t\t\t\t\t<\/div>\n\t\t\t\t<\/div>\n\t\t\t\t\t<\/div>\n\t\t<\/div>\n\t\t\t\t\t<\/div>\n\t\t<\/section>\n\t\t\t\t<\/div>\n\t\t","protected":false},"excerpt":{"rendered":"<p>POLITICA DE SECURITATE, POLITICA DE CONFIDEN\u021aIALITATE&nbsp;\u0218I POLITICA DE COOKIES Confiden\u021bialitatea dvs. este extrem de important\u0103 pentru noi \u0219i din acest motiv Politica noastr\u0103 de confiden\u021bialitate este \u00een conformitate cu prevederile GDPR \u0219i cu orice alte legi referitoare la colectarea \u0219i utilizarea informa\u021biilor personale sau a datelor computerizate ob\u021binute de la vizitatorii site-ului web.Datele cu caracter [&hellip;]<\/p>\n","protected":false},"author":1,"featured_media":0,"parent":0,"menu_order":0,"comment_status":"closed","ping_status":"closed","template":"elementor_header_footer","meta":{"footnotes":""},"class_list":["post-534","page","type-page","status-publish","hentry"],"_links":{"self":[{"href":"https:\/\/writers.wpdeveloper.pk\/index.php\/wp-json\/wp\/v2\/pages\/534","targetHints":{"allow":["GET"]}}],"collection":[{"href":"https:\/\/writers.wpdeveloper.pk\/index.php\/wp-json\/wp\/v2\/pages"}],"about":[{"href":"https:\/\/writers.wpdeveloper.pk\/index.php\/wp-json\/wp\/v2\/types\/page"}],"author":[{"embeddable":true,"href":"https:\/\/writers.wpdeveloper.pk\/index.php\/wp-json\/wp\/v2\/users\/1"}],"replies":[{"embeddable":true,"href":"https:\/\/writers.wpdeveloper.pk\/index.php\/wp-json\/wp\/v2\/comments?post=534"}],"version-history":[{"count":11,"href":"https:\/\/writers.wpdeveloper.pk\/index.php\/wp-json\/wp\/v2\/pages\/534\/revisions"}],"predecessor-version":[{"id":15996,"href":"https:\/\/writers.wpdeveloper.pk\/index.php\/wp-json\/wp\/v2\/pages\/534\/revisions\/15996"}],"wp:attachment":[{"href":"https:\/\/writers.wpdeveloper.pk\/index.php\/wp-json\/wp\/v2\/media?parent=534"}],"curies":[{"name":"wp","href":"https:\/\/api.w.org\/{rel}","templated":true}]}}